{"id":29,"date":"2015-11-27T21:20:48","date_gmt":"2015-11-27T20:20:48","guid":{"rendered":"http:\/\/mouchardtgvter.fr\/?page_id=29"},"modified":"2024-08-20T16:04:02","modified_gmt":"2024-08-20T15:04:02","slug":"nos-objectifs","status":"publish","type":"page","link":"https:\/\/mouchardtgvter.fr\/index.php\/nos-objectifs\/","title":{"rendered":"Nos objectifs"},"content":{"rendered":"<h2>Que propose Mouchard TGV TER ?<\/h2>\n<p>\u00ab S\u00e9curiser et d\u00e9velopper les arr\u00eats TGV \u00e0 Mouchard, avoir un meilleur service TER \u00e0 Arc-et-Senans, Arbois, Champagnole, Poligny, Salins\u2026Mais aussi d\u2019\u00eatre la vigie des modifications potentielles et le relai des demandes et plaintes aupr\u00e8s des responsables des transports \u00bb.<br \/>\n\u00ab Soutenir les int\u00e9r\u00eats des acteurs \u00e9conomiques de l\u2019espace g\u00e9ographique o\u00f9 les liaisons ferroviaires n\u00e9cessitent une am\u00e9lioration, un d\u00e9veloppement ou une d\u00e9fense globale de l\u2019ensemble des relations \u00bb.<\/p>\n<h2>L\u2019association agit-elle seule ?<\/h2>\n<p>\u00ab L\u2019association agira en concertation avec les associations d\u00e9partementales et r\u00e9gionales d\u2019usagers.<br \/>\n\u00ab L\u2019association se rapprochera autant que n\u00e9cessaire des responsables publics et \u00e9conomiques pour conduire les actions n\u00e9cessaires \u00bb. Elle est au service de tous !<\/p>\n<h2>L\u2019association a-t-elle une affiliation politique ?<\/h2>\n<p>\u00ab Apolitique, cr\u00e9\u00e9e dans l\u2019int\u00e9r\u00eat de l\u2019ensemble des usagers, Mouchard TGV TER, soutient l\u2019ensemble des communes et communaut\u00e9s de communes de m\u00eame que l\u2019ensemble des acteurs \u00e9conomiques de nos localit\u00e9s quel que soit leur courant de pens\u00e9e.<\/p>\n<h2>De quelle information disposerons-nous comme adh\u00e9rents ?<\/h2>\n<p>Nous communiquerons r\u00e9guli\u00e8rement sur les demandes recueillies et les actions conduites, notre site internet mouchard.tgv-ter@orange.fr sera le socle de notre communication. Un bulletin d\u2019information sera r\u00e9guli\u00e8rement diffus\u00e9 concernant les rencontres, demandes, groupes de travail etc\u2026<\/p>\n<h2>Pourquoi adh\u00e9rer \u00e0 Mouchard TGV TER :<\/h2>\n<p>\u00ab La prise en compte des souhaits des habitants d\u2019une localit\u00e9, d\u2019une r\u00e9gion, est essentielle pour maintenir et d\u00e9velopper les transports collectifs. Une d\u00e9cision de suppression ne saurait \u00eatre unilat\u00e9rale. Tout le monde est concern\u00e9 par les moyens de communication \u00bb<\/p>\n","protected":false},"excerpt":{"rendered":"<p>Que propose Mouchard TGV TER ? \u00ab S\u00e9curiser et d\u00e9velopper les arr\u00eats TGV \u00e0 Mouchard, avoir un meilleur service TER \u00e0 Arc-et-Senans, Arbois, Champagnole, Poligny, Salins\u2026Mais aussi d\u2019\u00eatre la vigie des modifications potentielles et le relai des demandes et plaintes aupr\u00e8s des responsables des transports \u00bb. \u00ab Soutenir les int\u00e9r\u00eats des acteurs \u00e9conomiques de l\u2019espace &hellip; <a href=\"https:\/\/mouchardtgvter.fr\/index.php\/nos-objectifs\/\" class=\"more-link\">Continuer la lecture de <span class=\"screen-reader-text\">Nos objectifs<\/span> <span class=\"meta-nav\">&rarr;<\/span><\/a><\/p>\n","protected":false},"author":1,"featured_media":0,"parent":0,"menu_order":0,"comment_status":"closed","ping_status":"closed","template":"","meta":{"footnotes":""},"class_list":["post-29","page","type-page","status-publish","hentry"],"_links":{"self":[{"href":"https:\/\/mouchardtgvter.fr\/index.php\/wp-json\/wp\/v2\/pages\/29","targetHints":{"allow":["GET"]}}],"collection":[{"href":"https:\/\/mouchardtgvter.fr\/index.php\/wp-json\/wp\/v2\/pages"}],"about":[{"href":"https:\/\/mouchardtgvter.fr\/index.php\/wp-json\/wp\/v2\/types\/page"}],"author":[{"embeddable":true,"href":"https:\/\/mouchardtgvter.fr\/index.php\/wp-json\/wp\/v2\/users\/1"}],"replies":[{"embeddable":true,"href":"https:\/\/mouchardtgvter.fr\/index.php\/wp-json\/wp\/v2\/comments?post=29"}],"version-history":[{"count":5,"href":"https:\/\/mouchardtgvter.fr\/index.php\/wp-json\/wp\/v2\/pages\/29\/revisions"}],"predecessor-version":[{"id":395,"href":"https:\/\/mouchardtgvter.fr\/index.php\/wp-json\/wp\/v2\/pages\/29\/revisions\/395"}],"wp:attachment":[{"href":"https:\/\/mouchardtgvter.fr\/index.php\/wp-json\/wp\/v2\/media?parent=29"}],"curies":[{"name":"wp","href":"https:\/\/api.w.org\/{rel}","templated":true}]}}