{"id":31,"date":"2015-11-27T21:21:02","date_gmt":"2015-11-27T20:21:02","guid":{"rendered":"http:\/\/mouchardtgvter.fr\/?page_id=31"},"modified":"2024-08-20T16:10:03","modified_gmt":"2024-08-20T15:10:03","slug":"nos-statuts","status":"publish","type":"page","link":"https:\/\/mouchardtgvter.fr\/index.php\/nos-statuts\/","title":{"rendered":"Nos statuts"},"content":{"rendered":"<p>Statuts d\u00e9pos\u00e9s et valid\u00e9s en Sous-pr\u00e9fecture de Dole le 2 f\u00e9vrier 2015<\/p>\n<h2>Article 1er<\/h2>\n<p>Il est fond\u00e9 entre les adh\u00e9rents aux pr\u00e9sents statuts une association r\u00e9gie par la loi<br \/>\ndu 1er juillet 1901 et le d\u00e9cret du 16 ao\u00fbt 1901, ayant pour titre :<\/p>\n<p>\u00ab Mouchard TGV-TER \u00bb<\/p>\n<h2>Article 2<\/h2>\n<p>Cette association a pour objectifs :<\/p>\n<ol>\n<li>en priorit\u00e9 de <strong>soutenir, am\u00e9nager, d\u00e9velopper et si n\u00e9cessaire d\u00e9fendre<\/strong> l&rsquo;arr\u00eat du TGV en gare de Mouchard,<\/li>\n<li>simultan\u00e9ment <strong>d&rsquo;am\u00e9liorer, d\u00e9velopper et si n\u00e9cessaire d\u00e9fendre la globalit\u00e9 des relations TER<\/strong> desservant l&rsquo;\u00e9toile ferroviaire de la gare de Mouchard en direction de Dole-Dijon, Pontarlier- Lausanne , Besan\u00e7on- Strasbourg, Bourg-Lyon ainsi que du Haut Jura avec la ligne des Hirondelles.<\/li>\n<\/ol>\n<p>Elle agira pour ce faire en concertation avec les autres associations d&rsquo;usagers d\u00e9partementales et r\u00e9gionales.<\/p>\n<h2>Article 3<\/h2>\n<p>Le si\u00e8ge social est fix\u00e9 \u00e0 la mairie de Mouchard. Il pourra \u00eatre transf\u00e9r\u00e9 par simple d\u00e9cision du Conseil d&rsquo;Administration. La ratification par l&rsquo;Assembl\u00e9e G\u00e9n\u00e9rale sera n\u00e9cessaire.<\/p>\n<h2>Article 4<\/h2>\n<p>L&rsquo;association se compose :<\/p>\n<ul>\n<li>de personnes priv\u00e9es, utilisatrices du transport ferrovaire.<\/li>\n<li>de personnes morales telles que des collectivit\u00e9s locales, des entreprises, des \u00e9tablissements scolaires, d&rsquo;autres associations ou organismes.<\/li>\n<\/ul>\n<p>Toutes les personnes physiques et morales \u00e0 jour de leurs cotisations, font partie de l&rsquo;association.<\/p>\n<h2>Article 5<\/h2>\n<p>Sont <strong>membres bienfaiteurs<\/strong> les personnes qui versent annuellement une somme au moins \u00e9gale \u00e0 5 fois la cotisation de base individuelle en vigueur.<br \/>\nSont <strong>membres d&rsquo;honneur<\/strong>, ceux qui ont rendu des services signal\u00e9s \u00e0 l&rsquo;association. Ils sont dispens\u00e9s de cotisations.<br \/>\nSont <strong>membres actifs<\/strong>, ceux qui ont pris l&rsquo;engagement de verser annuellement une cotisation ou une subvention dont le montant sera fix\u00e9 par l&rsquo;Assembl\u00e9e g\u00e9n\u00e9rale.<\/p>\n<h2>Article 6 &#8211; Radiations<\/h2>\n<p>La qualit\u00e9 de membre se perd par :<\/p>\n<ul>\n<li>La d\u00e9mission<\/li>\n<li>Le d\u00e9c\u00e8s<\/li>\n<li>La radiation prononc\u00e9e par le bureau pour non-paiement de la cotisation ou pour motif grave, l&rsquo;int\u00e9ress\u00e9 ayant \u00e9t\u00e9 invit\u00e9 par lettre recommand\u00e9e \u00e0 se pr\u00e9senter devant le bureau pour fournir des explications<\/li>\n<\/ul>\n<h2>Article 8 \u2013 Les ressources de l&rsquo;association comprennent :<\/h2>\n<ul>\n<li>Les cotisations<\/li>\n<li>Les subventions<\/li>\n<li>Les versements de bienfaiteurs et les dons.<\/li>\n<\/ul>\n<h2>Article 9 \u2013 Le Bureau<\/h2>\n<p>L&rsquo;association est dirig\u00e9e par un Bureau \u2013 au maximum de 6 membres \u2013 \u00e9lus pour trois ann\u00e9es par l&rsquo;Assembl\u00e9e G\u00e9n\u00e9rale, les membres sont r\u00e9\u00e9ligibles. Elle choisit parmi ses membres, au scrutin secret, un bureau compos\u00e9 de :<\/p>\n<ol>\n<li>Un(e) pr\u00e9sident(e),<\/li>\n<li>Un(e) secr\u00e9taire,<\/li>\n<li>Un(e) tr\u00e9sorier(e).<\/li>\n<\/ol>\n<p>En cas de vacance, le bureau pourvoit provisoirement au remplacement de ses membres. Il est proc\u00e9d\u00e9 \u00e0 leur remplacement d\u00e9finitif par la plus prochaine Assembl\u00e9e G\u00e9n\u00e9rale. Les pouvoirs des membres ainsi \u00e9lus prennent fin \u00e0 l&rsquo;\u00e9poque o\u00f9 devrait normalement expirer le mandat des membres remplac\u00e9s.<\/p>\n<h2>Article 10 \u2013 R\u00e9union du Bureau<\/h2>\n<p>Le Bureau se r\u00e9unit au moins une fois tous les six mois, sur convocation du pr\u00e9sident ou sur la demande de deux de ses membres. Les d\u00e9cisions sont prises \u00e0 la majorit\u00e9 des voix. En cas de partage, la voix du pr\u00e9sident est pr\u00e9pond\u00e9rante.<br \/>\nNul ne peut faire partie du Bureau s&rsquo;il n&rsquo;est pas majeur.<\/p>\n<h2>Article 11 \u2013 Assembl\u00e9e G\u00e9n\u00e9rale Ordinaire<\/h2>\n<p>L&rsquo;Assembl\u00e9e G\u00e9n\u00e9rale ordinaire comprend tous les membres de l&rsquo;association, \u00e0 quelque titre qu&rsquo;ils y soient affili\u00e9s. Elle se r\u00e9unit chaque ann\u00e9e dans les six mois qui suivent la date de fin d&rsquo;exercice.<br \/>\nLes membres de l&rsquo;association sont convoqu\u00e9s au moins quinze jours avant la date fix\u00e9e.<br \/>\nLe Pr\u00e9sident, assist\u00e9 des membres du bureau, pr\u00e9side l&rsquo;assembl\u00e9e et expose la situation morale de l&rsquo;association.<br \/>\nLe tr\u00e9sorier rend compte de la gestion et soumet le bilan \u00e0 l&rsquo;approbation de l&rsquo;assembl\u00e9e.<br \/>\nApr\u00e8s \u00e9puisement de l&rsquo;ordre du jour, il est proc\u00e9d\u00e9 au remplacement des membres sortants du<br \/>\nbureau . Le scrutin sera obligatoirement secret au cas o\u00f9 un membre en ferait explicitement la demande. Pour \u00eatre valable, l&rsquo;\u00e9lection doit se faire \u00e0 la majorit\u00e9 absolue des membres pr\u00e9sents<br \/>\net repr\u00e9sent\u00e9s.<\/p>\n<h2>Article 12 \u2013 Assembl\u00e9e G\u00e9n\u00e9rale extraordinaire<\/h2>\n<p>Si besoin est, ou sur la demande de la moiti\u00e9 plus un des membres inscrits, le pr\u00e9sident peut convoquer une Assembl\u00e9e G\u00e9n\u00e9rale extraordinaire .<\/p>\n<h2>Article 13 \u2013 R\u00e8glement int\u00e9rieur<\/h2>\n<p>Le bureau fixera son mode de fonctionnement et d\u00e9cidera du r\u00e8glement int\u00e9rieur. Ce r\u00e8glement est destin\u00e9 \u00e0 fixer les divers points non pr\u00e9vus par les statuts, notamment ceux qui ont trait \u00e0 l&rsquo;administration interne de l&rsquo;association.Il devra \u00eatre approuv\u00e9 par l&rsquo;Assembl\u00e9e G\u00e9n\u00e9rale.<\/p>\n<h2>Article 14 &#8211; Dissolution<\/h2>\n<p>En cas de dissolution prononc\u00e9e par les deux tiers au moins des membres pr\u00e9sents \u00e0 l&rsquo;assembl\u00e9e G\u00e9n\u00e9rale, un ou plusieurs liquidateurs sont nomm\u00e9s par celle-ci et l&rsquo;actif, s&rsquo;il y a lieu, est d\u00e9volu conform\u00e9ment \u00e0 l&rsquo;article 9 de la loi du 1er juillet 1901 et au d\u00e9cret du 16 ao\u00fbt 1901.<\/p>\n<p>Fait \u00e0 Mouchard le 28 janvier 2015<\/p>\n","protected":false},"excerpt":{"rendered":"<p>Statuts d\u00e9pos\u00e9s et valid\u00e9s en Sous-pr\u00e9fecture de Dole le 2 f\u00e9vrier 2015 Article 1er Il est fond\u00e9 entre les adh\u00e9rents aux pr\u00e9sents statuts une association r\u00e9gie par la loi du 1er juillet 1901 et le d\u00e9cret du 16 ao\u00fbt 1901, ayant pour titre : \u00ab Mouchard TGV-TER \u00bb Article 2 Cette association a pour objectifs &hellip; <a href=\"https:\/\/mouchardtgvter.fr\/index.php\/nos-statuts\/\" class=\"more-link\">Continuer la lecture de <span class=\"screen-reader-text\">Nos statuts<\/span> <span class=\"meta-nav\">&rarr;<\/span><\/a><\/p>\n","protected":false},"author":1,"featured_media":0,"parent":0,"menu_order":0,"comment_status":"closed","ping_status":"closed","template":"","meta":{"footnotes":""},"class_list":["post-31","page","type-page","status-publish","hentry"],"_links":{"self":[{"href":"https:\/\/mouchardtgvter.fr\/index.php\/wp-json\/wp\/v2\/pages\/31","targetHints":{"allow":["GET"]}}],"collection":[{"href":"https:\/\/mouchardtgvter.fr\/index.php\/wp-json\/wp\/v2\/pages"}],"about":[{"href":"https:\/\/mouchardtgvter.fr\/index.php\/wp-json\/wp\/v2\/types\/page"}],"author":[{"embeddable":true,"href":"https:\/\/mouchardtgvter.fr\/index.php\/wp-json\/wp\/v2\/users\/1"}],"replies":[{"embeddable":true,"href":"https:\/\/mouchardtgvter.fr\/index.php\/wp-json\/wp\/v2\/comments?post=31"}],"version-history":[{"count":7,"href":"https:\/\/mouchardtgvter.fr\/index.php\/wp-json\/wp\/v2\/pages\/31\/revisions"}],"predecessor-version":[{"id":398,"href":"https:\/\/mouchardtgvter.fr\/index.php\/wp-json\/wp\/v2\/pages\/31\/revisions\/398"}],"wp:attachment":[{"href":"https:\/\/mouchardtgvter.fr\/index.php\/wp-json\/wp\/v2\/media?parent=31"}],"curies":[{"name":"wp","href":"https:\/\/api.w.org\/{rel}","templated":true}]}}