{"id":9,"date":"2015-11-27T21:09:22","date_gmt":"2015-11-27T20:09:22","guid":{"rendered":"http:\/\/mouchardtgvter.fr\/?page_id=9"},"modified":"2024-08-20T16:30:27","modified_gmt":"2024-08-20T15:30:27","slug":"nous-rejoindre","status":"publish","type":"page","link":"https:\/\/mouchardtgvter.fr\/index.php\/nous-rejoindre\/","title":{"rendered":"Nous contacter"},"content":{"rendered":"<h2>Contacts<\/h2>\n<p>Notre courriel\u00a0: <a href=\"mailto:contact@mouchardtgvter.fr\">contact@mouchardtgvter.fr<\/a><br \/>\nNotre adresse postale : <\/p>\n<pre>Mouchard TGV-TER<br\/>Mairie de Mouchard<br\/>27 rue de Strasbourg<br\/>39330 Mouchard<\/pre>\n<p>Adh\u00e9rer en ligne : <a href=\"https:\/\/www.helloasso.com\/associations\/mouchard-tgv-ter\/adhesions\/devenir-membre-actif\">formulaire HelloAsso<\/a><\/p>\n<h2>Les membres du Bureau<\/h2>\n<p>Evremonde de Saint Alary : Pr\u00e9sidente<br \/>\nCatherine Bouriot : Secr\u00e9taire<br \/>\nCl\u00e9ment Foret : Tr\u00e9sorier<br \/>\nSimon Alixant<br \/>\nVictor Bonnivard<br \/>\nPascal Bride<br \/>\nBernard Brunel<br \/>\nCaroline Dole<br \/>\nFran\u00e7ois Marti<br \/>\nJean-Marie Sermier<\/p>\n","protected":false},"excerpt":{"rendered":"<p>Contacts Notre courriel\u00a0: contact@mouchardtgvter.fr Notre adresse postale : Mouchard TGV-TERMairie de Mouchard27 rue de Strasbourg39330 Mouchard Adh\u00e9rer en ligne : formulaire HelloAsso Les membres du Bureau Evremonde de Saint Alary : Pr\u00e9sidente Catherine Bouriot : Secr\u00e9taire Cl\u00e9ment Foret : Tr\u00e9sorier Simon Alixant Victor Bonnivard Pascal Bride Bernard Brunel Caroline Dole Fran\u00e7ois Marti Jean-Marie Sermier<\/p>\n","protected":false},"author":1,"featured_media":0,"parent":0,"menu_order":0,"comment_status":"closed","ping_status":"closed","template":"","meta":{"footnotes":""},"class_list":["post-9","page","type-page","status-publish","hentry"],"_links":{"self":[{"href":"https:\/\/mouchardtgvter.fr\/index.php\/wp-json\/wp\/v2\/pages\/9","targetHints":{"allow":["GET"]}}],"collection":[{"href":"https:\/\/mouchardtgvter.fr\/index.php\/wp-json\/wp\/v2\/pages"}],"about":[{"href":"https:\/\/mouchardtgvter.fr\/index.php\/wp-json\/wp\/v2\/types\/page"}],"author":[{"embeddable":true,"href":"https:\/\/mouchardtgvter.fr\/index.php\/wp-json\/wp\/v2\/users\/1"}],"replies":[{"embeddable":true,"href":"https:\/\/mouchardtgvter.fr\/index.php\/wp-json\/wp\/v2\/comments?post=9"}],"version-history":[{"count":13,"href":"https:\/\/mouchardtgvter.fr\/index.php\/wp-json\/wp\/v2\/pages\/9\/revisions"}],"predecessor-version":[{"id":399,"href":"https:\/\/mouchardtgvter.fr\/index.php\/wp-json\/wp\/v2\/pages\/9\/revisions\/399"}],"wp:attachment":[{"href":"https:\/\/mouchardtgvter.fr\/index.php\/wp-json\/wp\/v2\/media?parent=9"}],"curies":[{"name":"wp","href":"https:\/\/api.w.org\/{rel}","templated":true}]}}